{"id":15779,"date":"2021-01-27T16:57:45","date_gmt":"2021-01-27T15:57:45","guid":{"rendered":"https:\/\/kangoo-jumping.cz\/passes-and-gift-vouchers\/"},"modified":"2021-01-27T16:57:45","modified_gmt":"2021-01-27T15:57:45","slug":"passes-and-gift-vouchers","status":"publish","type":"page","link":"https:\/\/kangoo-jumping.cz\/en\/passes-and-gift-vouchers\/","title":{"rendered":"Passes and gift vouchers"},"content":{"rendered":"<section class=\"fw-main-row ds section_padding_top_50 section_padding_bottom_50 columns_padding_15\">\n<h3 class=\"hidden\">601aafca7ddb6<\/h3>\n<div class=\"container\">\n<div class=\"row\">\n<div class=\"col-xs-12 col-md-8 fw-column\">\n<div class=\"text-block shortcode \">\n<h3>PASSES \u2013 KANGOO JUMPING<\/h3>\n<p>Option to purchase passes \u2013 price 1,200 CZK (12 + 1 hour FREE or <a href=\"https:\/\/kangoo-jumping.cz\/pujcovna-kangoo-bot\/\">Kangoo boots rental<\/a> for the weekend.<\/p>\n<h5>Currently Christmas promotion for passes at 1,000 CZK!<\/h5>\n<p>Available during classes or by arrangement (contribution from VZP 500 CZK, VOZP 250 CZK). Also a great gift for your loved ones! <\/p>\n<p>&nbsp;<\/p>\n<\/div>\n<\/div>\n<div class=\"col-xs-12 col-md-4 fw-column\">\n<div class=\"text-block shortcode \">\n<p><a href=\"https:\/\/kangoo-jumping.cz\/wp-content\/uploads\/2016\/04\/permanentka_skakacka.jpg\"><img loading=\"lazy\" decoding=\"async\" class=\"wp-image-39 size-full alignnone\" title=\"Pass \u2013 12 entries Kangoo Jumping\" src=\"https:\/\/kangoo-jumping.cz\/wp-content\/uploads\/2016\/04\/permanentka_skakacka.jpg\" alt=\"Pass \u2013 12 entries Kangoo Jumping\" width=\"413\" height=\"292\"><\/a><\/p>\n<\/div>\n<\/div>\n<div class=\"col-xs-12 col-md-8 fw-column\">\n<div class=\"text-block shortcode \">\n<h3>Gift vouchers \u2013 Kangoo Jumping<\/h3>\n<p>You can also purchase GIFT VOUCHERS for your friends, relatives, or acquaintances for 1, 2, 3, 4, 5\u2026 Kangoo Jumping lessons. So if you don\u2019t know what gift to buy, you can invite someone to a workout.<\/p>\n<ul>\n<li>The price is the same as a lesson, i.e. 100 CZK \/ 1 hour.<\/li>\n<\/ul>\n<\/div>\n<\/div>\n<div class=\"col-xs-12 col-md-4 fw-column\">\n<div class=\"text-block shortcode \">\n<p><a href=\"https:\/\/kangoo-jumping.cz\/wp-content\/uploads\/2016\/04\/poukaz_5lekci.png\"><img loading=\"lazy\" decoding=\"async\" class=\"wp-image-185 size-large alignnone\" src=\"https:\/\/kangoo-jumping.cz\/wp-content\/uploads\/2016\/04\/poukaz_5lekci-1024x364.png\" alt=\"Gift voucher Kangoo Jumping Litom\u011b\u0159ice\" width=\"660\" height=\"235\"><\/a><\/p>\n<\/div>\n<\/div>\n<div class=\"col-xs-12 fw-column\">\n<div class=\"text-block shortcode \">\n<p style=\"text-align: center\"><a href=\"https:\/\/kangoo-jumping.cz\/en\/product-category\/uncategorized\/\"><strong>Click here to enter the online ESHOP of KANGOO JUMPS jumping boots<\/strong><\/a><\/p>\n<p>&nbsp;<\/p>\n<\/div>\n<\/div><\/div>\n<\/p><\/div>\n<\/section>\n<section class=\"fw-main-row ds section_padding_top_130 section_padding_bottom_100 columns_padding_15 parallax section_overlay\" style=\"background-image:url(https:\/\/kangoo-jumping.cz\/wp-content\/uploads\/2021\/02\/eshop-pozadi-png.png)\">\n<h3 class=\"hidden\"> Recommended products<\/h3>\n<div class=\"container\">\n<div class=\"row\">\n<div class=\"col-xs-12 text-center fw-column\">\n<div class=\"fw-divider-space \" style=\"margin-top: 17px\"><\/div>\n<div class=\"special-heading text-center\">\n<h3 class=\"section_header margin_0 \">\n\t<span class=\"lightfont regular text-uppercase\"><br \/>\n Kangoo products <\/span><br \/>\n\t<\/h3>\n<\/div>\n<div class=\"fw-divider-short-line\">\n<hr class=\"short_line divider_center\"><\/div>\n<div class=\"fw-divider-space \" style=\"margin-top: 30px\"><\/div>\n<div class=\"text-block shortcode \">\n<div class=\"woocommerce columns-4 \">\n<ul class=\"products list-unstyled grid-view columns-4\">\n<li class=\"has-post-thumbnail product type-product post-6521 status-publish first instock product_cat-eshop-nahradni-dily-skakaci-boty product_cat-eshop-skakaci-boty-na-prodej sale featured shipping-taxable purchasable product-type-variable has-default-attributes\">\n<div class=\"vertical-item overflow-hidden content-padding big-padding text-center with_background\">\n<div class=\"item-media with_background\"><a href=\"https:\/\/kangoo-jumping.cz\/produkt\/kompresni-podkolenky-kangoo-jumping\/\" class=\"woocommerce-LoopProduct-link woocommerce-loop-product__link\"><\/a><\/div>\n<p> <!-- eof .item-media --><\/p>\n<div class=\"item-content\"><a href=\"https:\/\/kangoo-jumping.cz\/produkt\/kompresni-podkolenky-kangoo-jumping\/\" class=\"woocommerce-LoopProduct-link woocommerce-loop-product__link\"><\/p>\n<h2 class=\"woocommerce-loop-product__title\">Kangoo Jumping compression knee-high socks<\/h2>\n<p><\/a><\/p>\n<div class=\"product-meta\">\n\t<span class=\"price\"><del><span class=\"woocommerce-Price-amount amount\">550<span class=\"woocommerce-Price-currencySymbol\">K\u010d<\/span><\/span><\/del> <ins><span class=\"woocommerce-Price-amount amount\">399<span class=\"woocommerce-Price-currencySymbol\">K\u010d<\/span><\/span><\/ins><\/span>\n<\/div>\n<p><a href=\"https:\/\/kangoo-jumping.cz\/produkt\/kompresni-podkolenky-kangoo-jumping\/\" data-quantity=\"1\" class=\"button product_type_variable add_to_cart_button\" data-product_id=\"6521\" data-product_sku=\"\" aria-label=\"Vyberte nastaven\u00ed pro \u201cKompresn\u00ed podkolenky Kangoo Jumping\u201d\" rel=\"nofollow\">Select options<\/a><\/div>\n<p> <!-- eof .item-content --><\/div>\n<p> <!-- eof .side-item --><\/li>\n<li class=\"has-post-thumbnail product type-product post-6517 status-publish instock product_cat-eshop-skakaci-boty-na-prodej sale featured shipping-taxable purchasable product-type-variable has-default-attributes\">\n<div class=\"vertical-item overflow-hidden content-padding big-padding text-center with_background\">\n<div class=\"item-media with_background\"><a href=\"https:\/\/kangoo-jumping.cz\/produkt\/kangoo-powershoe-detske-cerv\/\" class=\"woocommerce-LoopProduct-link woocommerce-loop-product__link\"><\/a><\/div>\n<p> <!-- eof .item-media --><\/p>\n<div class=\"item-content\"><a href=\"https:\/\/kangoo-jumping.cz\/produkt\/kangoo-powershoe-detske-cerv\/\" class=\"woocommerce-LoopProduct-link woocommerce-loop-product__link\"><\/p>\n<h2 class=\"woocommerce-loop-product__title\">KANGOO POWERSHOE kids red<\/h2>\n<p><\/a><\/p>\n<div class=\"product-meta\">\n\t<span class=\"price\"><del><span class=\"woocommerce-Price-amount amount\">4 200<span class=\"woocommerce-Price-currencySymbol\">K\u010d<\/span><\/span><\/del> <ins><span class=\"woocommerce-Price-amount amount\">3 900<span class=\"woocommerce-Price-currencySymbol\">K\u010d<\/span><\/span><\/ins><\/span>\n<\/div>\n<p><a href=\"https:\/\/kangoo-jumping.cz\/produkt\/kangoo-powershoe-detske-cerv\/\" data-quantity=\"1\" class=\"button product_type_variable add_to_cart_button\" data-product_id=\"6517\" data-product_sku=\"\" aria-label=\"Vyberte nastaven\u00ed pro \u201cKANGOO POWERSHOE d\u011btsk\u00e9 \u010derven\u00e9\u201d\" rel=\"nofollow\">Select options<\/a><\/div>\n<p> <!-- eof .item-content --><\/div>\n<p> <!-- eof .side-item --><\/li>\n<li class=\"has-post-thumbnail product type-product post-6512 status-publish instock product_cat-eshop-skakaci-boty-na-prodej sale featured shipping-taxable purchasable product-type-variable has-default-attributes\">\n<div class=\"vertical-item overflow-hidden content-padding big-padding text-center with_background\">\n<div class=\"item-media with_background\"><a href=\"https:\/\/kangoo-jumping.cz\/produkt\/kangoo-jumps-kj-xr3-ruz-bile\/\" class=\"woocommerce-LoopProduct-link woocommerce-loop-product__link\"><\/a><\/div>\n<p> <!-- eof .item-media --><\/p>\n<div class=\"item-content\"><a href=\"https:\/\/kangoo-jumping.cz\/produkt\/kangoo-jumps-kj-xr3-ruz-bile\/\" class=\"woocommerce-LoopProduct-link woocommerce-loop-product__link\"><\/p>\n<h2 class=\"woocommerce-loop-product__title\">Jumping boots KANGOO JUMPS KJ XR3 \u2013 pink white<\/h2>\n<p><\/a><\/p>\n<div class=\"product-meta\">\n\t<span class=\"price\"><del><span class=\"woocommerce-Price-amount amount\">5 800<span class=\"woocommerce-Price-currencySymbol\">K\u010d<\/span><\/span><\/del> <ins><span class=\"woocommerce-Price-amount amount\">4 800<span class=\"woocommerce-Price-currencySymbol\">K\u010d<\/span><\/span><\/ins><\/span>\n<\/div>\n<p><a href=\"https:\/\/kangoo-jumping.cz\/produkt\/kangoo-jumps-kj-xr3-ruz-bile\/\" data-quantity=\"1\" class=\"button product_type_variable add_to_cart_button\" data-product_id=\"6512\" data-product_sku=\"\" aria-label=\"Vyberte nastaven\u00ed pro \u201cSk\u00e1kac\u00ed boty KANGOO JUMPS KJ XR3 - r\u016f\u017eovo b\u00edl\u00e9\u201d\" rel=\"nofollow\">Select options<\/a><\/div>\n<p> <!-- eof .item-content --><\/div>\n<p> <!-- eof .side-item --><\/li>\n<li class=\"has-post-thumbnail product type-product post-6506 status-publish last instock product_cat-eshop-nahradni-dily-skakaci-boty product_cat-eshop-skakaci-boty-na-prodej sale featured shipping-taxable purchasable product-type-variable has-default-attributes\">\n<div class=\"vertical-item overflow-hidden content-padding big-padding text-center with_background\">\n<div class=\"item-media with_background\"><a href=\"https:\/\/kangoo-jumping.cz\/produkt\/kompresni-podkolenky-neonove-barevne\/\" class=\"woocommerce-LoopProduct-link woocommerce-loop-product__link\"><\/a><\/div>\n<p> <!-- eof .item-media --><\/p>\n<div class=\"item-content\"><a href=\"https:\/\/kangoo-jumping.cz\/produkt\/kompresni-podkolenky-neonove-barevne\/\" class=\"woocommerce-LoopProduct-link woocommerce-loop-product__link\"><\/p>\n<h2 class=\"woocommerce-loop-product__title\">Compression knee-high socks \u2013 neon, colorful<\/h2>\n<p><\/a><\/p>\n<div class=\"product-meta\">\n\t<span class=\"price\"><del><span class=\"woocommerce-Price-amount amount\">599<span class=\"woocommerce-Price-currencySymbol\">K\u010d<\/span><\/span><\/del> <ins><span class=\"woocommerce-Price-amount amount\">399<span class=\"woocommerce-Price-currencySymbol\">K\u010d<\/span><\/span><\/ins><\/span>\n<\/div>\n<p><a href=\"https:\/\/kangoo-jumping.cz\/produkt\/kompresni-podkolenky-neonove-barevne\/\" data-quantity=\"1\" class=\"button product_type_variable add_to_cart_button\" data-product_id=\"6506\" data-product_sku=\"\" aria-label=\"Vyberte nastaven\u00ed pro \u201cKompresn\u00ed podkolenky - neonov\u00e9, barevn\u00e9\u201d\" rel=\"nofollow\">Select options<\/a><\/div>\n<p> <!-- eof .item-content --><\/div>\n<p> <!-- eof .side-item --><\/li>\n<\/ul>\n<\/div>\n<\/div>\n<div class=\"fw-divider-space \" style=\"margin-top: 50px\"><\/div>\n<p><a href=\"https:\/\/kangoo-jumping.cz\/eshop\/\" target=\"_self\" class=\"theme_button color1 theme_button\" rel=\"noopener\"><br \/>\n Go to e-shop<\/a>\n<\/div>\n<\/p><\/div>\n<\/p><\/div>\n<\/section>\n<p><!-- 835fdf097801049df148837294d2c49e --><\/p>\n","protected":false},"excerpt":{"rendered":"<p>601aafca7ddb6 PASSES \u2013 KANGOO JUMPING Option to purchase passes \u2013 price 1,200 CZK (12 + 1 hour FREE or Kangoo boots rental for the weekend. Currently Christmas promotion for passes at 1,000 CZK! Available during classes or by arrangement (contribution from VZP 500 CZK, VOZP 250 CZK). Also a great gift for your loved ones! [&hellip;]<\/p>\n","protected":false},"author":1,"featured_media":0,"parent":0,"menu_order":0,"comment_status":"closed","ping_status":"closed","template":"page-templates\/full-width.php","meta":{"_acf_changed":false,"footnotes":""},"class_list":["post-15779","page","type-page","status-publish","hentry"],"acf":[],"_links":{"self":[{"href":"https:\/\/kangoo-jumping.cz\/en\/wp-json\/wp\/v2\/pages\/15779","targetHints":{"allow":["GET"]}}],"collection":[{"href":"https:\/\/kangoo-jumping.cz\/en\/wp-json\/wp\/v2\/pages"}],"about":[{"href":"https:\/\/kangoo-jumping.cz\/en\/wp-json\/wp\/v2\/types\/page"}],"author":[{"embeddable":true,"href":"https:\/\/kangoo-jumping.cz\/en\/wp-json\/wp\/v2\/users\/1"}],"replies":[{"embeddable":true,"href":"https:\/\/kangoo-jumping.cz\/en\/wp-json\/wp\/v2\/comments?post=15779"}],"version-history":[{"count":0,"href":"https:\/\/kangoo-jumping.cz\/en\/wp-json\/wp\/v2\/pages\/15779\/revisions"}],"wp:attachment":[{"href":"https:\/\/kangoo-jumping.cz\/en\/wp-json\/wp\/v2\/media?parent=15779"}],"curies":[{"name":"wp","href":"https:\/\/api.w.org\/{rel}","templated":true}]}}