{"id":16039,"date":"2023-10-31T15:21:52","date_gmt":"2023-10-31T15:21:52","guid":{"rendered":"https:\/\/kangoo-jumping.cz\/produkt\/fit-boots-black-gold\/"},"modified":"2023-10-31T15:21:52","modified_gmt":"2023-10-31T14:21:52","slug":"fit-boots-black-gold","status":"publish","type":"product","link":"https:\/\/kangoo-jumping.cz\/en\/product\/fit-boots-black-gold\/","title":{"rendered":"Fit Boots &#8211; black-gold"},"content":{"rendered":"<p><a href=\"https:\/\/kangoo-jumping.cz\/wp-content\/uploads\/2021\/01\/fit_boots.jpg\"><img loading=\"lazy\" decoding=\"async\" class=\"wp-image-9609 size-full alignleft\" src=\"https:\/\/kangoo-jumping.cz\/wp-content\/uploads\/2021\/01\/fit_boots.jpg\" alt=\"Fit boots jumping boots - black-gold with box\" width=\"279\" height=\"181\"><\/a><strong>Fit boots black-gold as a unique novelty in the Czech Republic and Slovakia available only in our e-shop! Modern kangaroo boots with new designs, improved quality, and a better jumping experience (they are slightly softer than other jumping boots). <\/strong><\/p>\n<p>Delivery within 2 days. <strong><br \/>\n<\/strong><\/p>\n<p>Sk\u00e1kaci boty nebo tak\u00e9 klokan\u00ed boty jsou speci\u00e1ln\u00ed sportovn\u00ed obuv pro voln\u00fd pohyb jak venku v p\u0159\u00edrod\u011b, tak i pro indoor aktivity nebo na cvi\u010den\u00ed doma. Doporu\u010dujeme pou\u017e\u00edvat sp\u00ed\u0161e na rovn\u00fdch povrch\u00e1ch (asfalt, dla\u017eba, parkety, apod.), boty maj\u00ed gumovou podr\u00e1\u017eku jako sportovn\u00ed obuv, tak\u017ee se nemus\u00edte ob\u00e1vat, \u017ee by v\u00e1m po\u0161kodili nap\u0159. plovouc\u00ed podlahu :)  <\/p>\n<p>The cushioning system consists of springs and shells in the lower part of the boot that absorb up to 80% of impact and assist with rebound (rebound effect).  <strong>Thanks to this effect, you protect your musculoskeletal system and joints.<\/strong> The special sole shape allows natural movement and proper posture, automatically strengthening muscles. <\/p>\n<h3>We also deliver to Slovakia and other EU countries!<\/h3>\n<p>Switch your currency from CZK to EUR and pay to a EUR account, or use PayPal payment. <a href=\"https:\/\/www.kangoo-jumping.cz\/kontakt\/\" target=\"_blank\" rel=\"noopener noreferrer\"> Contact us, we\u2019ll be happy to help.<\/a><\/p>\n<p><strong>Volume and family discounts available :)<\/strong><\/p>\n<h3>With Fit boots you strengthen your whole body<\/h3>\n<p><a href=\"https:\/\/kangoo-jumping.cz\/wp-content\/uploads\/2021\/01\/fit_boots_4-scaled.jpg\"><img loading=\"lazy\" decoding=\"async\" class=\"size-medium wp-image-9669 alignright\" src=\"https:\/\/kangoo-jumping.cz\/wp-content\/uploads\/2021\/01\/fit_boots_4-300x200.jpg\" alt=\"Fit Boots all colors lid\u00e9\" width=\"300\" height=\"200\" srcset=\"https:\/\/kangoo-jumping.cz\/wp-content\/uploads\/2021\/01\/fit_boots_4-300x200.jpg 300w, https:\/\/kangoo-jumping.cz\/wp-content\/uploads\/2021\/01\/fit_boots_4-1024x682.jpg 1024w, https:\/\/kangoo-jumping.cz\/wp-content\/uploads\/2021\/01\/fit_boots_4-768x512.jpg 768w, https:\/\/kangoo-jumping.cz\/wp-content\/uploads\/2021\/01\/fit_boots_4-1536x1023.jpg 1536w, https:\/\/kangoo-jumping.cz\/wp-content\/uploads\/2021\/01\/fit_boots_4-2048x1364.jpg 2048w, https:\/\/kangoo-jumping.cz\/wp-content\/uploads\/2021\/01\/fit_boots_4-775x517.jpg 775w, https:\/\/kangoo-jumping.cz\/wp-content\/uploads\/2021\/01\/fit_boots_4-1170x780.jpg 1170w, https:\/\/kangoo-jumping.cz\/wp-content\/uploads\/2021\/01\/fit_boots_4-400x266.jpg 400w, https:\/\/kangoo-jumping.cz\/wp-content\/uploads\/2021\/01\/fit_boots_4-600x400.jpg 600w\" sizes=\"auto, (max-width: 300px) 100vw, 300px\" \/><\/a>Fit boots help train abdominal, back, thigh, and pelvic muscles. They also stimulate the cardiovascular system, improve oxygen usage, and increase endurance. These jumping boots help you see results faster and make movement fun.  <span class=\"HwtZe\" lang=\"cs\"><span class=\"jCAhz ChMk0b\"><span class=\"ryNqvb\"> These jumping boots help you see results faster and make movement fun.<\/span><\/span> <span class=\"jCAhz ChMk0b\"><span class=\"ryNqvb\">Simply put them on and start any aerobic exercise.<\/span><\/span> <span class=\"jCAhz ChMk0b\"><span class=\"ryNqvb\">Burn up to 40% more calories than with regular exercise while protecting your knees and joints.<\/span><\/span> <span class=\"jCAhz ChMk0b\"><span class=\"ryNqvb\">Rebounding will naturally become part of your life because it\u2019s so fun.<\/span><\/span><strong> <span class=\"jCAhz ChMk0b\"><span class=\"ryNqvb\">Exercising with Fit Boots engages all major muscle groups, giving you a great workout in less time<\/span><\/span><\/strong><\/span><strong>.<\/strong> Fit boots can be used for weight loss, body shaping, improving fitness, as well as rehabilitation and post-injury exercise. Thanks to their cushioning, they are also suitable after injuries to knees, back, and other body parts. <\/p>\n<h3>The benefits of jumping boots are supported by studies<\/h3>\n<p><strong>\u201cSprings are the most effective and gentle form of exercise ever invented\u201d \u2013 NASA study. Originally developed as a rehabilitation tool for injured athletes to regain fitness and muscle strength.<br \/>\n<\/strong><\/p>\n<h2>Fit Boots \u2013 kangaroo boots for the whole family!<\/h2>\n<p><a href=\"https:\/\/kangoo-jumping.cz\/wp-content\/uploads\/2021\/01\/fit_boots_gold.jpg\"><img loading=\"lazy\" decoding=\"async\" class=\"size-medium wp-image-9670 alignleft\" src=\"https:\/\/kangoo-jumping.cz\/wp-content\/uploads\/2021\/01\/fit_boots_gold-300x300.jpg\" alt=\"Fit Boots Gold black\" width=\"300\" height=\"300\" srcset=\"https:\/\/kangoo-jumping.cz\/wp-content\/uploads\/2021\/01\/fit_boots_gold-300x300.jpg 300w, https:\/\/kangoo-jumping.cz\/wp-content\/uploads\/2021\/01\/fit_boots_gold-150x150.jpg 150w, https:\/\/kangoo-jumping.cz\/wp-content\/uploads\/2021\/01\/fit_boots_gold-768x768.jpg 768w, https:\/\/kangoo-jumping.cz\/wp-content\/uploads\/2021\/01\/fit_boots_gold-600x600.jpg 600w, https:\/\/kangoo-jumping.cz\/wp-content\/uploads\/2021\/01\/fit_boots_gold-400x400.jpg 400w, https:\/\/kangoo-jumping.cz\/wp-content\/uploads\/2021\/01\/fit_boots_gold-100x100.jpg 100w, https:\/\/kangoo-jumping.cz\/wp-content\/uploads\/2021\/01\/fit_boots_gold.jpg 780w\" sizes=\"auto, (max-width: 300px) 100vw, 300px\" \/><\/a>Fit boots are also suitable for children (from 5 years), adults, and seniors (depending on health condition). A great Christmas gift \u2013 fun movement guaranteed.  <span class=\"HwtZe\" lang=\"cs\"><span class=\"jCAhz ChMk0b\"><span class=\"ryNqvb\"><br \/>\n<\/span><\/span><\/span><\/p>\n<h4>When ordering, select your regular shoe size and current weight!<\/h4>\n<p><span class=\"HwtZe\" lang=\"cs\"><span class=\"jCAhz ChMk0b\"><span class=\"ryNqvb\">Fit Boots black-gold are a standard unisex model for adults and children between 45\u2013125 kg. Choose your size and weight, or write us a note if you need help. <\/span><\/span><\/span><\/p>\n<h4><\/h4>\n<h4>available sizes of Fit boots<\/h4>\n<p>Size XS: 35\u201337<br \/>\nSize S: 37.5\u201339<br \/>\nSize M: 40\u201342<\/p>\n","protected":false},"excerpt":{"rendered":"<p>Special offer on Fit boots black-gold \u2013 NEW in the e-shop. Enter your size and weight for a perfect fit and protect your knees and joints. <\/p>\n","protected":false},"featured_media":9597,"comment_status":"closed","ping_status":"closed","template":"","meta":{"_acf_changed":false},"product_brand":[],"product_cat":[312],"product_tag":[],"class_list":{"0":"post-16039","1":"product","2":"type-product","3":"status-publish","4":"has-post-thumbnail","6":"product_cat-uncategorized","8":"first","9":"instock","10":"sale","11":"shipping-taxable","12":"purchasable","13":"product-type-variable","14":"has-default-attributes"},"acf":[],"_links":{"self":[{"href":"https:\/\/kangoo-jumping.cz\/en\/wp-json\/wp\/v2\/product\/16039","targetHints":{"allow":["GET"]}}],"collection":[{"href":"https:\/\/kangoo-jumping.cz\/en\/wp-json\/wp\/v2\/product"}],"about":[{"href":"https:\/\/kangoo-jumping.cz\/en\/wp-json\/wp\/v2\/types\/product"}],"replies":[{"embeddable":true,"href":"https:\/\/kangoo-jumping.cz\/en\/wp-json\/wp\/v2\/comments?post=16039"}],"wp:featuredmedia":[{"embeddable":true,"href":"https:\/\/kangoo-jumping.cz\/en\/wp-json\/wp\/v2\/media\/9597"}],"wp:attachment":[{"href":"https:\/\/kangoo-jumping.cz\/en\/wp-json\/wp\/v2\/media?parent=16039"}],"wp:term":[{"taxonomy":"product_brand","embeddable":true,"href":"https:\/\/kangoo-jumping.cz\/en\/wp-json\/wp\/v2\/product_brand?post=16039"},{"taxonomy":"product_cat","embeddable":true,"href":"https:\/\/kangoo-jumping.cz\/en\/wp-json\/wp\/v2\/product_cat?post=16039"},{"taxonomy":"product_tag","embeddable":true,"href":"https:\/\/kangoo-jumping.cz\/en\/wp-json\/wp\/v2\/product_tag?post=16039"}],"curies":[{"name":"wp","href":"https:\/\/api.w.org\/{rel}","templated":true}]}}