{"id":16050,"date":"2023-10-30T13:54:15","date_gmt":"2023-10-30T13:54:15","guid":{"rendered":"https:\/\/kangoo-jumping.cz\/produkt\/fit-boots-pink-black\/"},"modified":"2023-10-30T13:54:15","modified_gmt":"2023-10-30T12:54:15","slug":"fit-boots-pink-black","status":"publish","type":"product","link":"https:\/\/kangoo-jumping.cz\/en\/product\/fit-boots-pink-black\/","title":{"rendered":"Fit Boots &#8211; pink-black"},"content":{"rendered":"<p><strong><a href=\"https:\/\/kangoo-jumping.cz\/wp-content\/uploads\/2023\/10\/fit_boots_pink_box-scaled.jpg\"><img loading=\"lazy\" decoding=\"async\" class=\"alignleft wp-image-9741 \" src=\"https:\/\/kangoo-jumping.cz\/wp-content\/uploads\/2023\/10\/fit_boots_pink_box-scaled-e1698674365765-878x1024.jpg\" alt=\"Fit Boots pink-black Pink\/black box\" width=\"335\" height=\"391\" srcset=\"https:\/\/kangoo-jumping.cz\/wp-content\/uploads\/2023\/10\/fit_boots_pink_box-scaled-e1698674365765-878x1024.jpg 878w, https:\/\/kangoo-jumping.cz\/wp-content\/uploads\/2023\/10\/fit_boots_pink_box-scaled-e1698674365765-257x300.jpg 257w, https:\/\/kangoo-jumping.cz\/wp-content\/uploads\/2023\/10\/fit_boots_pink_box-scaled-e1698674365765-768x895.jpg 768w, https:\/\/kangoo-jumping.cz\/wp-content\/uploads\/2023\/10\/fit_boots_pink_box-scaled-e1698674365765-1318x1536.jpg 1318w, https:\/\/kangoo-jumping.cz\/wp-content\/uploads\/2023\/10\/fit_boots_pink_box-scaled-e1698674365765-400x466.jpg 400w, https:\/\/kangoo-jumping.cz\/wp-content\/uploads\/2023\/10\/fit_boots_pink_box-scaled-e1698674365765-600x699.jpg 600w, https:\/\/kangoo-jumping.cz\/wp-content\/uploads\/2023\/10\/fit_boots_pink_box-scaled-e1698674365765.jpg 1702w\" sizes=\"auto, (max-width: 335px) 100vw, 335px\" \/><\/a>Fit boots pink-black Pink\/black in sizes from children\u2019s XS to M as a unique novelty in the Czech Republic available only in our e-shop! Modern kangaroo boots with new designs and a better jumping experience (they are softer than other jumping boots \u2013 replace springs in time). <\/strong><\/p>\n<p><strong>Delivery within 2 days.<\/strong><\/p>\n<p>Jumping boots, also known as kangaroo boots, are special sports footwear for outdoor movement, indoor activities, or home workouts. We recommend using them on flat surfaces (asphalt, pavement, parquet, etc.). The boots have a rubber sole like sports shoes, so you don\u2019t have to worry about damaging floors.  <\/p>\n<p>The cushioning system consists of springs and shells in the lower part of the boot that absorb up to 80% of impact and assist with rebound (rebound effect).  <strong>Thanks to this effect, you protect your musculoskeletal system and joints.<\/strong> The special sole shape allows natural movement and proper posture, automatically strengthening muscles. <\/p>\n<h3>We also deliver to Slovakia and other EU countries!<\/h3>\n<p>Switch your currency from CZK to EUR and pay to a EUR account, or use PayPal payment. <a href=\"https:\/\/www.kangoo-jumping.cz\/kontakt\/\" target=\"_blank\" rel=\"noopener noreferrer\"> Contact us, we\u2019ll be happy to help.<\/a><\/p>\n<p><strong>Volume and family discounts available :)<\/strong><\/p>\n<h3>With Fit boots you strengthen your whole body<\/h3>\n<p><a href=\"https:\/\/kangoo-jumping.cz\/wp-content\/uploads\/2023\/10\/fit_boots_pink3-scaled.jpg\"><img loading=\"lazy\" decoding=\"async\" class=\" wp-image-9740 alignleft\" src=\"https:\/\/kangoo-jumping.cz\/wp-content\/uploads\/2023\/10\/fit_boots_pink3-1024x682.jpg\" alt=\"Fit Boots r\u016f\u017eovo-\u010dern\u00e9 Pink\/black detail\" width=\"305\" height=\"203\" srcset=\"https:\/\/kangoo-jumping.cz\/wp-content\/uploads\/2023\/10\/fit_boots_pink3-1024x682.jpg 1024w, https:\/\/kangoo-jumping.cz\/wp-content\/uploads\/2023\/10\/fit_boots_pink3-300x200.jpg 300w, https:\/\/kangoo-jumping.cz\/wp-content\/uploads\/2023\/10\/fit_boots_pink3-768x512.jpg 768w, https:\/\/kangoo-jumping.cz\/wp-content\/uploads\/2023\/10\/fit_boots_pink3-1536x1023.jpg 1536w, https:\/\/kangoo-jumping.cz\/wp-content\/uploads\/2023\/10\/fit_boots_pink3-2048x1364.jpg 2048w, https:\/\/kangoo-jumping.cz\/wp-content\/uploads\/2023\/10\/fit_boots_pink3-775x517.jpg 775w, https:\/\/kangoo-jumping.cz\/wp-content\/uploads\/2023\/10\/fit_boots_pink3-1170x780.jpg 1170w, https:\/\/kangoo-jumping.cz\/wp-content\/uploads\/2023\/10\/fit_boots_pink3-400x266.jpg 400w, https:\/\/kangoo-jumping.cz\/wp-content\/uploads\/2023\/10\/fit_boots_pink3-600x400.jpg 600w\" sizes=\"auto, (max-width: 305px) 100vw, 305px\" \/><\/a>Fit boots help train abdominal, back, thigh, and pelvic muscles. They also stimulate the cardiovascular system, improve oxygen usage, and increase endurance. These jumping boots help you see results faster and make movement fun.  <span class=\"HwtZe\" lang=\"cs\"><span class=\"jCAhz ChMk0b\"><span class=\"ryNqvb\"> These jumping boots help you see results faster and make movement fun.<\/span><\/span> <span class=\"jCAhz ChMk0b\"><span class=\"ryNqvb\">Simply put them on and start any aerobic exercise.<\/span><\/span> <span class=\"jCAhz ChMk0b\"><span class=\"ryNqvb\">Burn up to 40% more calories than with regular exercise while protecting your knees and joints.<\/span><\/span> <span class=\"jCAhz ChMk0b\"><span class=\"ryNqvb\">Rebounding will naturally become part of your life because it\u2019s so fun.<\/span><\/span><strong> <span class=\"jCAhz ChMk0b\"><span class=\"ryNqvb\">Exercising with Fit Boots engages all major muscle groups, giving you a great workout in less time<\/span><\/span><\/strong><\/span><strong>.<\/strong> Fit boots can be used for weight loss, body shaping, improving fitness, as well as rehabilitation and post-injury exercise. Thanks to their cushioning, they are also suitable after injuries to knees, back, and other body parts. <\/p>\n<h3>The benefits of jumping boots are supported by studies<\/h3>\n<p><strong>\u201cSprings are the most effective and gentle form of exercise ever invented\u201d \u2013 NASA study. Originally developed as a rehabilitation tool for injured athletes to regain fitness and muscle strength.<br \/>\n<\/strong><\/p>\n<h2>Fit Boots \u2013 kangaroo boots for the whole family!<\/h2>\n<p><a href=\"https:\/\/kangoo-jumping.cz\/wp-content\/uploads\/2023\/10\/fit_boots_black.jpg\"><img loading=\"lazy\" decoding=\"async\" class=\"size-medium wp-image-9684 alignright\" src=\"https:\/\/kangoo-jumping.cz\/wp-content\/uploads\/2023\/10\/fit_boots_black-300x300.jpg\" alt=\"Fit boots black\" width=\"300\" height=\"300\" srcset=\"https:\/\/kangoo-jumping.cz\/wp-content\/uploads\/2023\/10\/fit_boots_black-300x300.jpg 300w, https:\/\/kangoo-jumping.cz\/wp-content\/uploads\/2023\/10\/fit_boots_black-150x150.jpg 150w, https:\/\/kangoo-jumping.cz\/wp-content\/uploads\/2023\/10\/fit_boots_black-768x768.jpg 768w, https:\/\/kangoo-jumping.cz\/wp-content\/uploads\/2023\/10\/fit_boots_black-600x600.jpg 600w, https:\/\/kangoo-jumping.cz\/wp-content\/uploads\/2023\/10\/fit_boots_black-400x400.jpg 400w, https:\/\/kangoo-jumping.cz\/wp-content\/uploads\/2023\/10\/fit_boots_black-100x100.jpg 100w, https:\/\/kangoo-jumping.cz\/wp-content\/uploads\/2023\/10\/fit_boots_black.jpg 1000w\" sizes=\"auto, (max-width: 300px) 100vw, 300px\" \/><\/a>Fit boots pink-black are also suitable for children (from 5 years), adults, and seniors (depending on health condition). A great Christmas gift \u2013 fun movement guaranteed.  <span class=\"HwtZe\" lang=\"cs\"><span class=\"jCAhz ChMk0b\"><span class=\"ryNqvb\"><br \/>\n<\/span><\/span><\/span><\/p>\n<h4>When ordering, select your regular shoe size and current weight!<\/h4>\n<p><span class=\"HwtZe\" lang=\"cs\"><span class=\"jCAhz ChMk0b\"><span class=\"ryNqvb\">Fit Boots pink-black are a kangaroo boots model for adults and children between 20\u2013125 kg. Choose your size and weight, or write us a note if you need help. <\/span><\/span><\/span><\/p>\n<h4>available sizes of Fit boots<\/h4>\n<p>Size XS: 35\u201337<br \/>\nSize S: 37.5\u201339<br \/>\nSize M: 40\u201342<\/p>\n","protected":false},"excerpt":{"rendered":"<p>Special offer on Fit boots pink-black \u2013 NEW in the e-shop. Enter your size and weight for a perfect fit and protect your knees and joints. <\/p>\n","protected":false},"featured_media":9739,"comment_status":"closed","ping_status":"closed","template":"","meta":{"_acf_changed":false},"product_brand":[],"product_cat":[349,312],"product_tag":[],"class_list":{"0":"post-16050","1":"product","2":"type-product","3":"status-publish","4":"has-post-thumbnail","6":"product_cat-jumping-shoes-for-children","7":"product_cat-uncategorized","9":"first","10":"instock","11":"sale","12":"shipping-taxable","13":"purchasable","14":"product-type-variable"},"acf":[],"_links":{"self":[{"href":"https:\/\/kangoo-jumping.cz\/en\/wp-json\/wp\/v2\/product\/16050","targetHints":{"allow":["GET"]}}],"collection":[{"href":"https:\/\/kangoo-jumping.cz\/en\/wp-json\/wp\/v2\/product"}],"about":[{"href":"https:\/\/kangoo-jumping.cz\/en\/wp-json\/wp\/v2\/types\/product"}],"replies":[{"embeddable":true,"href":"https:\/\/kangoo-jumping.cz\/en\/wp-json\/wp\/v2\/comments?post=16050"}],"wp:featuredmedia":[{"embeddable":true,"href":"https:\/\/kangoo-jumping.cz\/en\/wp-json\/wp\/v2\/media\/9739"}],"wp:attachment":[{"href":"https:\/\/kangoo-jumping.cz\/en\/wp-json\/wp\/v2\/media?parent=16050"}],"wp:term":[{"taxonomy":"product_brand","embeddable":true,"href":"https:\/\/kangoo-jumping.cz\/en\/wp-json\/wp\/v2\/product_brand?post=16050"},{"taxonomy":"product_cat","embeddable":true,"href":"https:\/\/kangoo-jumping.cz\/en\/wp-json\/wp\/v2\/product_cat?post=16050"},{"taxonomy":"product_tag","embeddable":true,"href":"https:\/\/kangoo-jumping.cz\/en\/wp-json\/wp\/v2\/product_tag?post=16050"}],"curies":[{"name":"wp","href":"https:\/\/api.w.org\/{rel}","templated":true}]}}