{"id":16108,"date":"2023-10-30T13:41:31","date_gmt":"2023-10-30T13:41:31","guid":{"rendered":"https:\/\/kangoo-jumping.cz\/produkt\/fit-boots-blue-yellow\/"},"modified":"2023-10-30T13:41:31","modified_gmt":"2023-10-30T12:41:31","slug":"fit-boots-blue-yellow","status":"publish","type":"product","link":"https:\/\/kangoo-jumping.cz\/en\/product\/fit-boots-blue-yellow\/","title":{"rendered":"Fit Boots &#8211; blue-yellow"},"content":{"rendered":"<p><strong><a href=\"https:\/\/kangoo-jumping.cz\/wp-content\/uploads\/2023\/10\/fit_boots_6-scaled.jpg\"><img loading=\"lazy\" decoding=\"async\" class=\"alignleft wp-image-9731 \" src=\"https:\/\/kangoo-jumping.cz\/wp-content\/uploads\/2023\/10\/fit_boots_6-scaled-e1698673767984-994x1024.jpg\" alt=\"Fit Boots blue-yellow Blue\/yellow girls\" width=\"317\" height=\"327\" srcset=\"https:\/\/kangoo-jumping.cz\/wp-content\/uploads\/2023\/10\/fit_boots_6-scaled-e1698673767984-994x1024.jpg 994w, https:\/\/kangoo-jumping.cz\/wp-content\/uploads\/2023\/10\/fit_boots_6-scaled-e1698673767984-291x300.jpg 291w, https:\/\/kangoo-jumping.cz\/wp-content\/uploads\/2023\/10\/fit_boots_6-scaled-e1698673767984-768x791.jpg 768w, https:\/\/kangoo-jumping.cz\/wp-content\/uploads\/2023\/10\/fit_boots_6-scaled-e1698673767984-1492x1536.jpg 1492w, https:\/\/kangoo-jumping.cz\/wp-content\/uploads\/2023\/10\/fit_boots_6-scaled-e1698673767984-400x412.jpg 400w, https:\/\/kangoo-jumping.cz\/wp-content\/uploads\/2023\/10\/fit_boots_6-scaled-e1698673767984-600x618.jpg 600w, https:\/\/kangoo-jumping.cz\/wp-content\/uploads\/2023\/10\/fit_boots_6-scaled-e1698673767984.jpg 1510w\" sizes=\"auto, (max-width: 317px) 100vw, 317px\" \/><\/a>Fit boots blue-yellow as a unique novelty in the Czech Republic and Slovakia available only in our e-shop! Modern kangaroo boots with new designs and a better jumping experience (they are slightly softer than other jumping boots \u2013 replace springs in time). <\/strong><\/p>\n<p><strong>Delivery within 2 days.<\/strong><\/p>\n<p>Jumping boots, also known as kangaroo boots, are special sports footwear for outdoor movement, indoor activities, or home workouts. We recommend using them on flat surfaces (asphalt, pavement, parquet, etc.). The boots have a rubber sole like sports shoes, so you don\u2019t have to worry about damaging floors.  <\/p>\n<p>The cushioning system consists of springs and shells in the lower part of the boot that absorb up to 80% of impact and assist with rebound (rebound effect).  <strong>Thanks to this effect, you protect your musculoskeletal system and joints.<\/strong> The special sole shape allows natural movement and proper posture, automatically strengthening muscles. <\/p>\n<h3>We also deliver to Slovakia and other EU countries!<\/h3>\n<p>Switch your currency from CZK to EUR and pay to a EUR account, or use PayPal payment. <a href=\"https:\/\/www.kangoo-jumping.cz\/kontakt\/\" target=\"_blank\" rel=\"noopener noreferrer\"> Contact us, we\u2019ll be happy to help.<\/a><\/p>\n<p><strong>Volume and family discounts available :)<\/strong><\/p>\n<h3>With Fit boots you strengthen your whole body<\/h3>\n<p><a href=\"https:\/\/kangoo-jumping.cz\/wp-content\/uploads\/2023\/10\/fit_boots_yellow2-scaled.jpg\"><img loading=\"lazy\" decoding=\"async\" class=\"wp-image-9730 alignright\" src=\"https:\/\/kangoo-jumping.cz\/wp-content\/uploads\/2023\/10\/fit_boots_yellow2-scaled-e1698673832724-1024x831.jpg\" alt=\"Fit Boots modro-\u017elut\u00e9 Blue\/yellow detail\" width=\"248\" height=\"201\" srcset=\"https:\/\/kangoo-jumping.cz\/wp-content\/uploads\/2023\/10\/fit_boots_yellow2-scaled-e1698673832724-1024x831.jpg 1024w, https:\/\/kangoo-jumping.cz\/wp-content\/uploads\/2023\/10\/fit_boots_yellow2-scaled-e1698673832724-300x244.jpg 300w, https:\/\/kangoo-jumping.cz\/wp-content\/uploads\/2023\/10\/fit_boots_yellow2-scaled-e1698673832724-768x624.jpg 768w, https:\/\/kangoo-jumping.cz\/wp-content\/uploads\/2023\/10\/fit_boots_yellow2-scaled-e1698673832724-1536x1247.jpg 1536w, https:\/\/kangoo-jumping.cz\/wp-content\/uploads\/2023\/10\/fit_boots_yellow2-scaled-e1698673832724-400x325.jpg 400w, https:\/\/kangoo-jumping.cz\/wp-content\/uploads\/2023\/10\/fit_boots_yellow2-scaled-e1698673832724-600x487.jpg 600w, https:\/\/kangoo-jumping.cz\/wp-content\/uploads\/2023\/10\/fit_boots_yellow2-scaled-e1698673832724.jpg 1702w\" sizes=\"auto, (max-width: 248px) 100vw, 248px\" \/><\/a>Fit boots help train abdominal, back, thigh, and pelvic muscles. They also stimulate the cardiovascular system, improve oxygen usage, and increase endurance. These jumping boots help you see results faster and make movement fun.  <span class=\"HwtZe\" lang=\"cs\"><span class=\"jCAhz ChMk0b\"><span class=\"ryNqvb\"> These jumping boots help you see results faster and make movement fun.<\/span><\/span> <span class=\"jCAhz ChMk0b\"><span class=\"ryNqvb\">Jednodu\u0161e si je nazujte a za\u010dn\u011bte s jak\u00fdmkoli aerobn\u00edm cvi\u010den\u00edm.<\/span><\/span> <span class=\"jCAhz ChMk0b\"><span class=\"ryNqvb\">Spalte a\u017e o 40 % v\u00edce kalori\u00ed ne\u017e p\u0159i b\u011b\u017en\u00e9m cvi\u010den\u00ed a u\u017eijte si to i vy, zat\u00edmco chr\u00e1n\u00edte sv\u00e9 kolena a klouby.<\/span><\/span> <span class=\"jCAhz ChMk0b\"><span class=\"ryNqvb\">Rebounding will naturally become part of your life because it\u2019s so fun.<\/span><\/span><strong> <span class=\"jCAhz ChMk0b\"><span class=\"ryNqvb\">Exercising with Fit Boots engages all your major muscle groups, giving you a great workout in less time<\/span><\/span><\/strong><\/span><strong>.<\/strong> Due to these features, Fit boots can be used for targeted weight loss, body shaping, faster fitness improvement, as well as rehabilitation and post-injury exercise. Thanks to their cushioning effect, they are also suitable after injuries to knees, back, and other parts of the body to speed up recovery. <\/p>\n<h3>The benefits of jumping boots are supported by studies<\/h3>\n<p><strong>\u201cSprings are the most effective and gentle form of exercise ever invented\u201d \u2013 NASA study. Originally developed as a rehabilitation tool for injured athletes to regain their fitness and lost muscle strength more quickly.<br \/>\n<\/strong><\/p>\n<h2>Fit Boots \u2013 kangaroo boots for the whole family!<\/h2>\n<p><a href=\"https:\/\/kangoo-jumping.cz\/wp-content\/uploads\/2023\/10\/fit_boots_black.jpg\"><img loading=\"lazy\" decoding=\"async\" class=\"size-medium wp-image-9684 alignright\" src=\"https:\/\/kangoo-jumping.cz\/wp-content\/uploads\/2023\/10\/fit_boots_black-300x300.jpg\" alt=\"Fit boots black\" width=\"300\" height=\"300\" srcset=\"https:\/\/kangoo-jumping.cz\/wp-content\/uploads\/2023\/10\/fit_boots_black-300x300.jpg 300w, https:\/\/kangoo-jumping.cz\/wp-content\/uploads\/2023\/10\/fit_boots_black-150x150.jpg 150w, https:\/\/kangoo-jumping.cz\/wp-content\/uploads\/2023\/10\/fit_boots_black-768x768.jpg 768w, https:\/\/kangoo-jumping.cz\/wp-content\/uploads\/2023\/10\/fit_boots_black-600x600.jpg 600w, https:\/\/kangoo-jumping.cz\/wp-content\/uploads\/2023\/10\/fit_boots_black-400x400.jpg 400w, https:\/\/kangoo-jumping.cz\/wp-content\/uploads\/2023\/10\/fit_boots_black-100x100.jpg 100w, https:\/\/kangoo-jumping.cz\/wp-content\/uploads\/2023\/10\/fit_boots_black.jpg 1000w\" sizes=\"auto, (max-width: 300px) 100vw, 300px\" \/><\/a>Fit boots are also suitable for children (from 5 years old), adults, and seniors (depending on health condition). A great Christmas gift \u2013 fun movement guaranteed.  <span class=\"HwtZe\" lang=\"cs\"><span class=\"jCAhz ChMk0b\"><span class=\"ryNqvb\"><br \/>\n<\/span><\/span><\/span><\/p>\n<h4>When ordering, select your regular shoe size and current weight!<\/h4>\n<p><span class=\"HwtZe\" lang=\"cs\"><span class=\"jCAhz ChMk0b\"><span class=\"ryNqvb\">Fit Boots blue-yellow are a standard unisex model for adults and children between 45\u2013125 kg. Choose your size and weight, or write us a note if you need help. <\/span><\/span><\/span><\/p>\n<h4>available sizes of Fit boots<\/h4>\n<p>Size S: 37.5\u201339<br \/>\nSize M: 40\u201342<\/p>\n","protected":false},"excerpt":{"rendered":"<p>Special offer on Fit boots blue-yellow \u2013 NEW in the e-shop. Enter your size and weight for a perfect fit and protect your knees and joints. <\/p>\n","protected":false},"featured_media":9729,"comment_status":"closed","ping_status":"closed","template":"","meta":{"_acf_changed":false},"product_brand":[],"product_cat":[312],"product_tag":[],"class_list":{"0":"post-16108","1":"product","2":"type-product","3":"status-publish","4":"has-post-thumbnail","6":"product_cat-uncategorized","8":"first","9":"instock","10":"sale","11":"shipping-taxable","12":"purchasable","13":"product-type-variable","14":"has-default-attributes"},"acf":[],"_links":{"self":[{"href":"https:\/\/kangoo-jumping.cz\/en\/wp-json\/wp\/v2\/product\/16108","targetHints":{"allow":["GET"]}}],"collection":[{"href":"https:\/\/kangoo-jumping.cz\/en\/wp-json\/wp\/v2\/product"}],"about":[{"href":"https:\/\/kangoo-jumping.cz\/en\/wp-json\/wp\/v2\/types\/product"}],"replies":[{"embeddable":true,"href":"https:\/\/kangoo-jumping.cz\/en\/wp-json\/wp\/v2\/comments?post=16108"}],"wp:featuredmedia":[{"embeddable":true,"href":"https:\/\/kangoo-jumping.cz\/en\/wp-json\/wp\/v2\/media\/9729"}],"wp:attachment":[{"href":"https:\/\/kangoo-jumping.cz\/en\/wp-json\/wp\/v2\/media?parent=16108"}],"wp:term":[{"taxonomy":"product_brand","embeddable":true,"href":"https:\/\/kangoo-jumping.cz\/en\/wp-json\/wp\/v2\/product_brand?post=16108"},{"taxonomy":"product_cat","embeddable":true,"href":"https:\/\/kangoo-jumping.cz\/en\/wp-json\/wp\/v2\/product_cat?post=16108"},{"taxonomy":"product_tag","embeddable":true,"href":"https:\/\/kangoo-jumping.cz\/en\/wp-json\/wp\/v2\/product_tag?post=16108"}],"curies":[{"name":"wp","href":"https:\/\/api.w.org\/{rel}","templated":true}]}}