{"id":16146,"date":"2015-12-15T12:27:23","date_gmt":"2015-12-15T12:27:23","guid":{"rendered":"https:\/\/kangoo-jumping.cz\/produkt\/gift-voucher-for-training-jumping-boots-and-accessories\/"},"modified":"2015-12-15T12:27:23","modified_gmt":"2015-12-15T11:27:23","slug":"gift-voucher-for-training-jumping-boots-and-accessories","status":"publish","type":"product","link":"https:\/\/kangoo-jumping.cz\/en\/product\/gift-voucher-for-training-jumping-boots-and-accessories\/","title":{"rendered":"Gift voucher for training, jumping boots and accessories"},"content":{"rendered":"<p>Not sure which boots to choose or what the recipient would like? Don\u2019t have time for fast delivery? We\u2019ll gladly prepare a gift voucher for you \u2013 it can be issued for any amount, specific boots, or as a universal voucher. It is valid for 6 months and will be issued immediately and sent to your email. You simply print it.    <\/p>\n<p>You can choose the amount using the selection button or write the exact amount in the note. Add your specific requirements in the note and we will contact you for confirmation. <\/p>\n<p>The voucher can be issued for jumping boots, accessories, clothing, or training passes. It can also be used directly for jumping classes in our locations (Litom\u011b\u0159ice, Lovosice, Brozany, \u00dast\u00ed nad Labem). <\/p>\n<p><a href=\"https:\/\/kangoo-jumping.cz\/wp-content\/uploads\/2023\/12\/Darkove-poukazy-na-nakup-bot-doplnku-a-lekci-kangoo-jumps-na-kurz-instruktora.png\"><img loading=\"lazy\" decoding=\"async\" class=\"aligncenter size-large wp-image-9913\" src=\"https:\/\/kangoo-jumping.cz\/wp-content\/uploads\/2023\/12\/Darkove-poukazy-na-nakup-bot-doplnku-a-lekci-kangoo-jumps-na-kurz-instruktora-1024x1024.png\" alt=\"Gift voucher for purchasing jumping boots and accessories\" width=\"891\" height=\"891\" srcset=\"https:\/\/kangoo-jumping.cz\/wp-content\/uploads\/2023\/12\/Darkove-poukazy-na-nakup-bot-doplnku-a-lekci-kangoo-jumps-na-kurz-instruktora-1024x1024.png 1024w, https:\/\/kangoo-jumping.cz\/wp-content\/uploads\/2023\/12\/Darkove-poukazy-na-nakup-bot-doplnku-a-lekci-kangoo-jumps-na-kurz-instruktora-300x300.png 300w, https:\/\/kangoo-jumping.cz\/wp-content\/uploads\/2023\/12\/Darkove-poukazy-na-nakup-bot-doplnku-a-lekci-kangoo-jumps-na-kurz-instruktora-150x150.png 150w, https:\/\/kangoo-jumping.cz\/wp-content\/uploads\/2023\/12\/Darkove-poukazy-na-nakup-bot-doplnku-a-lekci-kangoo-jumps-na-kurz-instruktora-768x768.png 768w, https:\/\/kangoo-jumping.cz\/wp-content\/uploads\/2023\/12\/Darkove-poukazy-na-nakup-bot-doplnku-a-lekci-kangoo-jumps-na-kurz-instruktora-600x600.png 600w, https:\/\/kangoo-jumping.cz\/wp-content\/uploads\/2023\/12\/Darkove-poukazy-na-nakup-bot-doplnku-a-lekci-kangoo-jumps-na-kurz-instruktora-400x400.png 400w, https:\/\/kangoo-jumping.cz\/wp-content\/uploads\/2023\/12\/Darkove-poukazy-na-nakup-bot-doplnku-a-lekci-kangoo-jumps-na-kurz-instruktora-100x100.png 100w, https:\/\/kangoo-jumping.cz\/wp-content\/uploads\/2023\/12\/Darkove-poukazy-na-nakup-bot-doplnku-a-lekci-kangoo-jumps-na-kurz-instruktora.png 1080w\" sizes=\"auto, (max-width: 891px) 100vw, 891px\" \/><\/a><\/p>\n","protected":false},"excerpt":{"rendered":"<p>The gift voucher can be issued for jumping boots, accessories, clothing, or jumping lessons. It will be sent to your email. You can choose the amount.  <\/p>\n","protected":false},"featured_media":14667,"comment_status":"closed","ping_status":"closed","template":"","meta":{"_acf_changed":false},"product_brand":[],"product_cat":[344,349,411,350,312],"product_tag":[],"class_list":{"0":"post-16146","1":"product","2":"type-product","3":"status-publish","4":"has-post-thumbnail","6":"product_cat-accessories","7":"product_cat-jumping-shoes-for-children","8":"product_cat-clothing","9":"product_cat-spare-parts-for-jumping-shoes","10":"product_cat-uncategorized","12":"first","13":"instock","14":"shipping-taxable","15":"purchasable","16":"product-type-variable","17":"has-default-attributes"},"acf":[],"_links":{"self":[{"href":"https:\/\/kangoo-jumping.cz\/en\/wp-json\/wp\/v2\/product\/16146","targetHints":{"allow":["GET"]}}],"collection":[{"href":"https:\/\/kangoo-jumping.cz\/en\/wp-json\/wp\/v2\/product"}],"about":[{"href":"https:\/\/kangoo-jumping.cz\/en\/wp-json\/wp\/v2\/types\/product"}],"replies":[{"embeddable":true,"href":"https:\/\/kangoo-jumping.cz\/en\/wp-json\/wp\/v2\/comments?post=16146"}],"wp:featuredmedia":[{"embeddable":true,"href":"https:\/\/kangoo-jumping.cz\/en\/wp-json\/wp\/v2\/media\/14667"}],"wp:attachment":[{"href":"https:\/\/kangoo-jumping.cz\/en\/wp-json\/wp\/v2\/media?parent=16146"}],"wp:term":[{"taxonomy":"product_brand","embeddable":true,"href":"https:\/\/kangoo-jumping.cz\/en\/wp-json\/wp\/v2\/product_brand?post=16146"},{"taxonomy":"product_cat","embeddable":true,"href":"https:\/\/kangoo-jumping.cz\/en\/wp-json\/wp\/v2\/product_cat?post=16146"},{"taxonomy":"product_tag","embeddable":true,"href":"https:\/\/kangoo-jumping.cz\/en\/wp-json\/wp\/v2\/product_tag?post=16146"}],"curies":[{"name":"wp","href":"https:\/\/api.w.org\/{rel}","templated":true}]}}